{"id":92,"date":"2022-09-28T12:15:15","date_gmt":"2022-09-28T12:15:15","guid":{"rendered":"https:\/\/www.apscolombia.org?page_id=92"},"modified":"2023-04-18T20:09:37","modified_gmt":"2023-04-18T20:09:37","slug":"nuestra-estrategia","status":"publish","type":"page","link":"https:\/\/devpaxzu.com\/sitios\/apscolombia\/nuestra-estrategia\/","title":{"rendered":"Nuestra estrategia"},"content":{"rendered":"\n<p>Se basa en una palmicultura colombiana que&nbsp; hace la diferencia al impactar positivamente en cada eje de la sostenibilidad, pues entiende que debe responder a un mundo que sigue cambiando y clama por productos que protejan la naturaleza y mejoren la vida de los agricultores y sus comunidades.<\/p>\n\n\n\n<p>Nuestra palmicultura esta comprometida con:<\/p>\n\n\n\n<ul class=\"wp-block-list\">\n<li>La no deforestaci\u00f3n y la preservaci\u00f3n de ecosistemas.  <\/li>\n\n\n\n<li>La generaci\u00f3n de empleo formal y de calidad.  <\/li>\n\n\n\n<li>Una producci\u00f3n eficiente y la optimizaci\u00f3n de los recursos.<\/li>\n\n\n\n<li>Impactar positivamente la calidad de vida de las comunidades palmeras. <\/li>\n\n\n\n<li>Contribuir a la estabilidad y consolidaci\u00f3n de la paz  <\/li>\n<\/ul>\n\n\n<div class=\"wp-block-image text-center\">\n<figure class=\"aligncenter size-large\"><img loading=\"lazy\" decoding=\"async\" width=\"1024\" height=\"352\" src=\"https:\/\/devpaxzu.com\/sitios\/apscolombia\/wp-content\/uploads\/2022\/09\/1_sobre_1_nosotros_1-1024x352.jpg\" alt=\"\" class=\"wp-image-96\" srcset=\"https:\/\/devpaxzu.com\/sitios\/apscolombia\/wp-content\/uploads\/2022\/09\/1_sobre_1_nosotros_1-1024x352.jpg 1024w, https:\/\/devpaxzu.com\/sitios\/apscolombia\/wp-content\/uploads\/2022\/09\/1_sobre_1_nosotros_1-300x103.jpg 300w, https:\/\/devpaxzu.com\/sitios\/apscolombia\/wp-content\/uploads\/2022\/09\/1_sobre_1_nosotros_1-768x264.jpg 768w, https:\/\/devpaxzu.com\/sitios\/apscolombia\/wp-content\/uploads\/2022\/09\/1_sobre_1_nosotros_1.jpg 1329w\" sizes=\"auto, (max-width: 1024px) 100vw, 1024px\" \/><\/figure>\n<\/div>\n\n\n<p>Al plantearse estos compromisos, y contar con impactos positivos que los respaldan, el Aceite de Palma de Colombia tiene un gran potencial como <strong>origen sostenible.<\/strong><\/p>\n\n\n\n<p><sub>* Cuando se da un incremento de 1% del \u00e1rea sembrada en palma de aceite<br>** Cuando se da un incremento de 1% del \u00e1rea sembrada en municipios donde el cultivo de palma de aceite se encuentra en expansi\u00f3n<\/sub><\/p>\n\n\n\n<p>Conozca <a href=\"https:\/\/www.apscolombia.orgnuestra-estrategia\/consolidando-un-origen-sostenible\/\">Consolidando un origen sostenible<\/a><\/p>\n","protected":false},"excerpt":{"rendered":"<p>Se basa en una palmicultura colombiana que&nbsp; hace la diferencia al impactar positivamente en cada eje de la sostenibilidad, pues entiende que debe responder a un mundo que sigue cambiando y clama por productos que protejan la naturaleza y mejoren la vida de los agricultores y sus comunidades. Nuestra palmicultura esta comprometida con: Al plantearse [&hellip;]<\/p>\n","protected":false},"author":1,"featured_media":0,"parent":0,"menu_order":0,"comment_status":"closed","ping_status":"closed","template":"page-templates\/page-contenido1.php","meta":{"footnotes":""},"class_list":["post-92","page","type-page","status-publish","hentry"],"_links":{"self":[{"href":"https:\/\/devpaxzu.com\/sitios\/apscolombia\/wp-json\/wp\/v2\/pages\/92","targetHints":{"allow":["GET"]}}],"collection":[{"href":"https:\/\/devpaxzu.com\/sitios\/apscolombia\/wp-json\/wp\/v2\/pages"}],"about":[{"href":"https:\/\/devpaxzu.com\/sitios\/apscolombia\/wp-json\/wp\/v2\/types\/page"}],"author":[{"embeddable":true,"href":"https:\/\/devpaxzu.com\/sitios\/apscolombia\/wp-json\/wp\/v2\/users\/1"}],"replies":[{"embeddable":true,"href":"https:\/\/devpaxzu.com\/sitios\/apscolombia\/wp-json\/wp\/v2\/comments?post=92"}],"version-history":[{"count":0,"href":"https:\/\/devpaxzu.com\/sitios\/apscolombia\/wp-json\/wp\/v2\/pages\/92\/revisions"}],"wp:attachment":[{"href":"https:\/\/devpaxzu.com\/sitios\/apscolombia\/wp-json\/wp\/v2\/media?parent=92"}],"curies":[{"name":"wp","href":"https:\/\/api.w.org\/{rel}","templated":true}]}}