{"id":172,"date":"2022-09-28T17:44:31","date_gmt":"2022-09-28T17:44:31","guid":{"rendered":"https:\/\/www.apscolombia.org?page_id=172"},"modified":"2023-04-19T19:46:46","modified_gmt":"2023-04-19T19:46:46","slug":"vinculacion-a-la-corporacion","status":"publish","type":"page","link":"https:\/\/devpaxzu.com\/sitios\/apscolombia\/corporacion-apscolombia\/vinculacion-a-la-corporacion\/","title":{"rendered":"Vinculaci\u00f3n a la Corporaci\u00f3n"},"content":{"rendered":"\n<h2 class=\"wp-block-heading\"><strong>\u00bfQui\u00e9nes pueden vincularse?<\/strong><\/h2>\n\n\n\n<p><strong>Como miembros palmicultores<\/strong>: Cultivadores y plantas de beneficio del fruto de la palma, afiliados a Fedepalma, que adoptan el compromiso de aplicar el Protocolo Aceite de Palma Sostenible de Colombia y de aportar una contribuci\u00f3n anual a la Corporaci\u00f3n.<\/p>\n\n\n\n<p><strong>Como miembros patrocinadores<\/strong>: Actores de la cadena de valor, academia e investigaci\u00f3n, organizaciones de la sociedad civil, organizaciones multilaterales o gubernamentales, comprometidos con impulsar el origen sostenible del aceite de palma colombiano. Aportan una contribuci\u00f3n anual a la Corporaci\u00f3n.<\/p>\n\n\n\n<h2 class=\"wp-block-heading\"><strong>\u00bfC\u00f3mo vincularse?<\/strong><\/h2>\n\n\n\n<p>Acceda aqu\u00ed al formulario y env\u00edelo al correo <a href=\"mailto:Info@apscolombia.org\">Info@apscolombia.org<\/a>. Posteriormente ser\u00e1 contactado por nosotros. &nbsp;<\/p>\n\n\n\n<p><strong>Formulario afiliaci\u00f3n: <\/strong><a href=\"https:\/\/forms.office.com\/r\/wKThBCuxPf\" target=\"_blank\" rel=\"noreferrer noopener\">https:\/\/forms.office.com\/r\/wKThBCuxPf<\/a><\/p>\n\n\n\n<p>Conozca <a href=\"https:\/\/www.apscolombia.orgunase-al-protocolo-apscolombia\/etapas\/\">Etapas<\/a><\/p>\n","protected":false},"excerpt":{"rendered":"<p>\u00bfQui\u00e9nes pueden vincularse? Como miembros palmicultores: Cultivadores y plantas de beneficio del fruto de la palma, afiliados a Fedepalma, que adoptan el compromiso de aplicar el Protocolo Aceite de Palma Sostenible de Colombia y de aportar una contribuci\u00f3n anual a la Corporaci\u00f3n. Como miembros patrocinadores: Actores de la cadena de valor, academia e investigaci\u00f3n, organizaciones [&hellip;]<\/p>\n","protected":false},"author":1,"featured_media":0,"parent":109,"menu_order":0,"comment_status":"closed","ping_status":"closed","template":"page-templates\/page-contenido1.php","meta":{"footnotes":""},"class_list":["post-172","page","type-page","status-publish","hentry"],"_links":{"self":[{"href":"https:\/\/devpaxzu.com\/sitios\/apscolombia\/wp-json\/wp\/v2\/pages\/172","targetHints":{"allow":["GET"]}}],"collection":[{"href":"https:\/\/devpaxzu.com\/sitios\/apscolombia\/wp-json\/wp\/v2\/pages"}],"about":[{"href":"https:\/\/devpaxzu.com\/sitios\/apscolombia\/wp-json\/wp\/v2\/types\/page"}],"author":[{"embeddable":true,"href":"https:\/\/devpaxzu.com\/sitios\/apscolombia\/wp-json\/wp\/v2\/users\/1"}],"replies":[{"embeddable":true,"href":"https:\/\/devpaxzu.com\/sitios\/apscolombia\/wp-json\/wp\/v2\/comments?post=172"}],"version-history":[{"count":0,"href":"https:\/\/devpaxzu.com\/sitios\/apscolombia\/wp-json\/wp\/v2\/pages\/172\/revisions"}],"up":[{"embeddable":true,"href":"https:\/\/devpaxzu.com\/sitios\/apscolombia\/wp-json\/wp\/v2\/pages\/109"}],"wp:attachment":[{"href":"https:\/\/devpaxzu.com\/sitios\/apscolombia\/wp-json\/wp\/v2\/media?parent=172"}],"curies":[{"name":"wp","href":"https:\/\/api.w.org\/{rel}","templated":true}]}}