{"id":166,"date":"2022-09-28T17:38:47","date_gmt":"2022-09-28T17:38:47","guid":{"rendered":"https:\/\/www.apscolombia.org?page_id=166"},"modified":"2023-05-12T16:21:39","modified_gmt":"2023-05-12T16:21:39","slug":"gobernanza-y-participacion","status":"publish","type":"page","link":"https:\/\/devpaxzu.com\/sitios\/apscolombia\/corporacion-apscolombia\/gobernanza-y-participacion\/","title":{"rendered":"Gobernanza y participaci\u00f3n"},"content":{"rendered":"\n<p>El esquema de gobernanza de la Corporaci\u00f3n APSColombia refleja el enfoque multi-actor de esta organizaci\u00f3n, permitiendo un balance entre la participaci\u00f3n de palmicultores y terceros actores interesados, relacionados con la cadena de valor del aceite de palma en Colombia e interesados en la alineaci\u00f3n de esfuerzos para promover la adopci\u00f3n de los principios y mejores pr\u00e1cticas de sostenibilidad, as\u00ed como en hacer visibles los esfuerzos de peque\u00f1os, medianos y grandes palmicultores, y facilitar su acceso a los mercados.<\/p>\n\n\n<div class=\"wp-block-image text-center d-none d-md-block\">\n<figure class=\"aligncenter size-large\"><img loading=\"lazy\" decoding=\"async\" width=\"1024\" height=\"384\" src=\"https:\/\/devpaxzu.com\/sitios\/apscolombia\/wp-content\/uploads\/2023\/05\/EsquemaGobierno_Desktop-1-1024x384.png\" alt=\"\" class=\"wp-image-616\" srcset=\"https:\/\/devpaxzu.com\/sitios\/apscolombia\/wp-content\/uploads\/2023\/05\/EsquemaGobierno_Desktop-1-1024x384.png 1024w, https:\/\/devpaxzu.com\/sitios\/apscolombia\/wp-content\/uploads\/2023\/05\/EsquemaGobierno_Desktop-1-300x113.png 300w, https:\/\/devpaxzu.com\/sitios\/apscolombia\/wp-content\/uploads\/2023\/05\/EsquemaGobierno_Desktop-1-768x288.png 768w, https:\/\/devpaxzu.com\/sitios\/apscolombia\/wp-content\/uploads\/2023\/05\/EsquemaGobierno_Desktop-1-1536x576.png 1536w, https:\/\/devpaxzu.com\/sitios\/apscolombia\/wp-content\/uploads\/2023\/05\/EsquemaGobierno_Desktop-1.png 1600w\" sizes=\"auto, (max-width: 1024px) 100vw, 1024px\" \/><\/figure>\n<\/div>\n\n\n<figure class=\"wp-block-image size-full text-center d-block d-md-none\"><img loading=\"lazy\" decoding=\"async\" width=\"768\" height=\"645\" src=\"https:\/\/devpaxzu.com\/sitios\/apscolombia\/wp-content\/uploads\/2023\/05\/EsquemaGobierno_Mobile-1.png\" alt=\"\" class=\"wp-image-617\" srcset=\"https:\/\/devpaxzu.com\/sitios\/apscolombia\/wp-content\/uploads\/2023\/05\/EsquemaGobierno_Mobile-1.png 768w, https:\/\/devpaxzu.com\/sitios\/apscolombia\/wp-content\/uploads\/2023\/05\/EsquemaGobierno_Mobile-1-300x252.png 300w\" sizes=\"auto, (max-width: 768px) 100vw, 768px\" \/><\/figure>\n\n\n\n<p>Conozca <a href=\"https:\/\/www.apscolombia.orgcorporacion-apscolombia\/miembros-y-aliados\/\">Miembros y aliados<\/a><\/p>\n","protected":false},"excerpt":{"rendered":"<p>El esquema de gobernanza de la Corporaci\u00f3n APSColombia refleja el enfoque multi-actor de esta organizaci\u00f3n, permitiendo un balance entre la participaci\u00f3n de palmicultores y terceros actores interesados, relacionados con la cadena de valor del aceite de palma en Colombia e interesados en la alineaci\u00f3n de esfuerzos para promover la adopci\u00f3n de los principios y mejores [&hellip;]<\/p>\n","protected":false},"author":1,"featured_media":0,"parent":109,"menu_order":0,"comment_status":"closed","ping_status":"closed","template":"page-templates\/page-contenido1.php","meta":{"footnotes":""},"class_list":["post-166","page","type-page","status-publish","hentry"],"_links":{"self":[{"href":"https:\/\/devpaxzu.com\/sitios\/apscolombia\/wp-json\/wp\/v2\/pages\/166","targetHints":{"allow":["GET"]}}],"collection":[{"href":"https:\/\/devpaxzu.com\/sitios\/apscolombia\/wp-json\/wp\/v2\/pages"}],"about":[{"href":"https:\/\/devpaxzu.com\/sitios\/apscolombia\/wp-json\/wp\/v2\/types\/page"}],"author":[{"embeddable":true,"href":"https:\/\/devpaxzu.com\/sitios\/apscolombia\/wp-json\/wp\/v2\/users\/1"}],"replies":[{"embeddable":true,"href":"https:\/\/devpaxzu.com\/sitios\/apscolombia\/wp-json\/wp\/v2\/comments?post=166"}],"version-history":[{"count":0,"href":"https:\/\/devpaxzu.com\/sitios\/apscolombia\/wp-json\/wp\/v2\/pages\/166\/revisions"}],"up":[{"embeddable":true,"href":"https:\/\/devpaxzu.com\/sitios\/apscolombia\/wp-json\/wp\/v2\/pages\/109"}],"wp:attachment":[{"href":"https:\/\/devpaxzu.com\/sitios\/apscolombia\/wp-json\/wp\/v2\/media?parent=166"}],"curies":[{"name":"wp","href":"https:\/\/api.w.org\/{rel}","templated":true}]}}