{"id":150,"date":"2022-09-28T15:07:22","date_gmt":"2022-09-28T15:07:22","guid":{"rendered":"https:\/\/www.apscolombia.org?page_id=150"},"modified":"2023-04-18T20:10:42","modified_gmt":"2023-04-18T20:10:42","slug":"normas-sectoriales","status":"publish","type":"page","link":"https:\/\/devpaxzu.com\/sitios\/apscolombia\/nuestra-estrategia\/normas-sectoriales\/","title":{"rendered":"Normas Sectoriales"},"content":{"rendered":"\n<p>Las normas sectoriales son los principales instrumentos para el desarrollo de la \u00faltima etapa del <a href=\"https:\/\/www.apscolombia.orgnuestra-estrategia\/protocolo-apscolombia\/\" data-type=\"URL\" data-id=\"https:\/\/www.apscolombia.orgnuestra-estrategia\/protocolo-apscolombia\/\" target=\"_blank\" rel=\"noreferrer noopener\">Protocolo de Aceite de Palma Sostenible de Colombia<\/a>, donde se asegura el cumplimiento total del est\u00e1ndar. La \u201cNE001 Fedepalma-Producci\u00f3n de aceite de palma sostenible de Colombia. Cultivo.\u201d y la \u201cNE002 Fedepalma-Producci\u00f3n de aceite de palma sostenible de Colombia. Planta de Beneficio.\u201d son normas sectoriales desarrolladas por la Federaci\u00f3n Nacional de Cultivadores de Palma de Aceite-Fedepalma con el apoyo del Instituto Colombiano de Normas T\u00e9cnicas y Certificaci\u00f3n-ICONTEC; y con la validaci\u00f3n de empresas del sector y organizaciones de la sociedad civil.&nbsp;<\/p>\n\n\n\n<p>Las normas NE001 y NE002 de Fedepalma pretenden orientar la adopci\u00f3n masiva de las mejores pr\u00e1cticas de sostenibilidad por parte de peque\u00f1os, medianos y grandes cultivadores y de las plantas de beneficio del fruto de la palma fortaleciendo los esfuerzos actuales en sostenibilidad. Esto a trav\u00e9s de requisitos espec\u00edficos que faciliten el aseguramiento de las condiciones de producci\u00f3n diferenciadas del Aceite de Palma Sostenible de Colombia.<\/p>\n\n\n\n<p>La verificaci\u00f3n del cumplimiento de la NE001 y NE002 esta a cargo de la Corporaci\u00f3n APSColombia, en alianza con ICONTEC, en el marco del Protocolo.<\/p>\n\n\n\n<p><a rel=\"noreferrer noopener\" href=\"https:\/\/devpaxzu.com\/sitios\/apscolombia\/wp-content\/uploads\/2023\/03\/NE_0011-FEDEPALMA-Cultivo.pdf\" data-type=\"URL\" data-id=\"https:\/\/devpaxzu.com\/sitios\/apscolombia\/wp-content\/uploads\/2023\/03\/NE_0011-FEDEPALMA-Cultivo.pdf\" target=\"_blank\">Descargue NE001<\/a><br><a href=\"https:\/\/devpaxzu.com\/sitios\/apscolombia\/wp-content\/uploads\/2023\/03\/NE_0021-FEDEPALMA-Planta-de-Beneficio-1.pdf\" data-type=\"URL\" data-id=\"https:\/\/devpaxzu.com\/sitios\/apscolombia\/wp-content\/uploads\/2023\/03\/NE_0021-FEDEPALMA-Planta-de-Beneficio-1.pdf\" target=\"_blank\" rel=\"noreferrer noopener\">Descargue NE002<\/a><\/p>\n\n\n\n<p>Conozca <a href=\"https:\/\/www.apscolombia.orgcorporacion-apscolombia\/\">Corporaci\u00f3n APSColombia<\/a><\/p>\n","protected":false},"excerpt":{"rendered":"<p>Las normas sectoriales son los principales instrumentos para el desarrollo de la \u00faltima etapa del Protocolo de Aceite de Palma Sostenible de Colombia, donde se asegura el cumplimiento total del est\u00e1ndar. La \u201cNE001 Fedepalma-Producci\u00f3n de aceite de palma sostenible de Colombia. Cultivo.\u201d y la \u201cNE002 Fedepalma-Producci\u00f3n de aceite de palma sostenible de Colombia. Planta de [&hellip;]<\/p>\n","protected":false},"author":1,"featured_media":0,"parent":92,"menu_order":0,"comment_status":"closed","ping_status":"closed","template":"page-templates\/page-contenido1.php","meta":{"footnotes":""},"class_list":["post-150","page","type-page","status-publish","hentry"],"_links":{"self":[{"href":"https:\/\/devpaxzu.com\/sitios\/apscolombia\/wp-json\/wp\/v2\/pages\/150","targetHints":{"allow":["GET"]}}],"collection":[{"href":"https:\/\/devpaxzu.com\/sitios\/apscolombia\/wp-json\/wp\/v2\/pages"}],"about":[{"href":"https:\/\/devpaxzu.com\/sitios\/apscolombia\/wp-json\/wp\/v2\/types\/page"}],"author":[{"embeddable":true,"href":"https:\/\/devpaxzu.com\/sitios\/apscolombia\/wp-json\/wp\/v2\/users\/1"}],"replies":[{"embeddable":true,"href":"https:\/\/devpaxzu.com\/sitios\/apscolombia\/wp-json\/wp\/v2\/comments?post=150"}],"version-history":[{"count":0,"href":"https:\/\/devpaxzu.com\/sitios\/apscolombia\/wp-json\/wp\/v2\/pages\/150\/revisions"}],"up":[{"embeddable":true,"href":"https:\/\/devpaxzu.com\/sitios\/apscolombia\/wp-json\/wp\/v2\/pages\/92"}],"wp:attachment":[{"href":"https:\/\/devpaxzu.com\/sitios\/apscolombia\/wp-json\/wp\/v2\/media?parent=150"}],"curies":[{"name":"wp","href":"https:\/\/api.w.org\/{rel}","templated":true}]}}