{"id":148,"date":"2022-09-28T15:05:04","date_gmt":"2022-09-28T15:05:04","guid":{"rendered":"https:\/\/www.apscolombia.org?page_id=148"},"modified":"2023-05-12T15:50:21","modified_gmt":"2023-05-12T15:50:21","slug":"protocolo-apscolombia","status":"publish","type":"page","link":"https:\/\/devpaxzu.com\/sitios\/apscolombia\/nuestra-estrategia\/protocolo-apscolombia\/","title":{"rendered":"Protocolo APSColombia"},"content":{"rendered":"\n<p>El Protocolo Aceite de Palma Sostenible de Colombia es un esquema de verificaci\u00f3n&nbsp; gradual, accesible y confiable que valida y asegura que el dec\u00e1logo de principios de sostenibilidad y las mejores pr\u00e1cticas asociadas est\u00e1n siendo aplicados en las diferentes etapas de la producci\u00f3n del aceite de palma, reconociendo los logros alcanzados y respaldando la promesa de origen sostenible. Este Protocolo es operado por la Corporaci\u00f3n APSColombia, organizaci\u00f3n independiente multiactor, que vela por la confiabilidad y transparencia en la implementaci\u00f3n del esquema.<\/p>\n\n\n\n<figure class=\"wp-block-image size-large text-center d-none d-md-block\"><img loading=\"lazy\" decoding=\"async\" width=\"1024\" height=\"384\" src=\"https:\/\/devpaxzu.com\/sitios\/apscolombia\/wp-content\/uploads\/2022\/09\/Actores-produccion_Desktop-1024x384.png\" alt=\"\" class=\"wp-image-197\" srcset=\"https:\/\/devpaxzu.com\/sitios\/apscolombia\/wp-content\/uploads\/2022\/09\/Actores-produccion_Desktop-1024x384.png 1024w, https:\/\/devpaxzu.com\/sitios\/apscolombia\/wp-content\/uploads\/2022\/09\/Actores-produccion_Desktop-300x113.png 300w, https:\/\/devpaxzu.com\/sitios\/apscolombia\/wp-content\/uploads\/2022\/09\/Actores-produccion_Desktop-768x288.png 768w, https:\/\/devpaxzu.com\/sitios\/apscolombia\/wp-content\/uploads\/2022\/09\/Actores-produccion_Desktop-1536x576.png 1536w, https:\/\/devpaxzu.com\/sitios\/apscolombia\/wp-content\/uploads\/2022\/09\/Actores-produccion_Desktop.png 1600w\" sizes=\"auto, (max-width: 1024px) 100vw, 1024px\" \/><\/figure>\n\n\n\n<figure class=\"wp-block-image size-large text-center d-block d-md-none\"><img loading=\"lazy\" decoding=\"async\" width=\"699\" height=\"1024\" src=\"https:\/\/devpaxzu.com\/sitios\/apscolombia\/wp-content\/uploads\/2022\/09\/Actores-produccion_Mobile-699x1024.png\" alt=\"\" class=\"wp-image-199\" srcset=\"https:\/\/devpaxzu.com\/sitios\/apscolombia\/wp-content\/uploads\/2022\/09\/Actores-produccion_Mobile-699x1024.png 699w, https:\/\/devpaxzu.com\/sitios\/apscolombia\/wp-content\/uploads\/2022\/09\/Actores-produccion_Mobile-205x300.png 205w, https:\/\/devpaxzu.com\/sitios\/apscolombia\/wp-content\/uploads\/2022\/09\/Actores-produccion_Mobile.png 768w\" sizes=\"auto, (max-width: 699px) 100vw, 699px\" \/><\/figure>\n\n\n\n<p><a href=\"https:\/\/www.apscolombia.orgunase-al-protocolo-apscolombia\/\" target=\"_blank\" rel=\"noreferrer noopener\">\u00daNASE AL PROTOCOLO APSCOLOMBIA<\/a><br><a href=\"https:\/\/www.apscolombia.orgunase-al-protocolo-apscolombia\/etapas\/\" target=\"_blank\" rel=\"noreferrer noopener\">ETAPAS DEL PROTOCOLO<\/a><\/p>\n\n\n\n<p>Conozca <a href=\"https:\/\/www.apscolombia.orgnuestra-estrategia\/normas-sectoriales\/\">Normas Sectoriales<\/a><\/p>\n","protected":false},"excerpt":{"rendered":"<p>El Protocolo Aceite de Palma Sostenible de Colombia es un esquema de verificaci\u00f3n&nbsp; gradual, accesible y confiable que valida y asegura que el dec\u00e1logo de principios de sostenibilidad y las mejores pr\u00e1cticas asociadas est\u00e1n siendo aplicados en las diferentes etapas de la producci\u00f3n del aceite de palma, reconociendo los logros alcanzados y respaldando la promesa [&hellip;]<\/p>\n","protected":false},"author":1,"featured_media":0,"parent":92,"menu_order":0,"comment_status":"closed","ping_status":"closed","template":"page-templates\/page-contenido1.php","meta":{"footnotes":""},"class_list":["post-148","page","type-page","status-publish","hentry"],"_links":{"self":[{"href":"https:\/\/devpaxzu.com\/sitios\/apscolombia\/wp-json\/wp\/v2\/pages\/148","targetHints":{"allow":["GET"]}}],"collection":[{"href":"https:\/\/devpaxzu.com\/sitios\/apscolombia\/wp-json\/wp\/v2\/pages"}],"about":[{"href":"https:\/\/devpaxzu.com\/sitios\/apscolombia\/wp-json\/wp\/v2\/types\/page"}],"author":[{"embeddable":true,"href":"https:\/\/devpaxzu.com\/sitios\/apscolombia\/wp-json\/wp\/v2\/users\/1"}],"replies":[{"embeddable":true,"href":"https:\/\/devpaxzu.com\/sitios\/apscolombia\/wp-json\/wp\/v2\/comments?post=148"}],"version-history":[{"count":0,"href":"https:\/\/devpaxzu.com\/sitios\/apscolombia\/wp-json\/wp\/v2\/pages\/148\/revisions"}],"up":[{"embeddable":true,"href":"https:\/\/devpaxzu.com\/sitios\/apscolombia\/wp-json\/wp\/v2\/pages\/92"}],"wp:attachment":[{"href":"https:\/\/devpaxzu.com\/sitios\/apscolombia\/wp-json\/wp\/v2\/media?parent=148"}],"curies":[{"name":"wp","href":"https:\/\/api.w.org\/{rel}","templated":true}]}}