{"id":146,"date":"2022-09-28T15:03:02","date_gmt":"2022-09-28T15:03:02","guid":{"rendered":"https:\/\/www.apscolombia.org?page_id=146"},"modified":"2023-04-18T20:10:16","modified_gmt":"2023-04-18T20:10:16","slug":"principios-del-aceite-de-palma-sostenible-de-colombia","status":"publish","type":"page","link":"https:\/\/devpaxzu.com\/sitios\/apscolombia\/nuestra-estrategia\/principios-del-aceite-de-palma-sostenible-de-colombia\/","title":{"rendered":"Principios del Aceite de Palma Sostenible de Colombia"},"content":{"rendered":"\n<p>El dec\u00e1logo de Principios del Aceite de Palma Sostenible de Colombia se basa en los tres ejes de la sostenibilidad (econ\u00f3mica, ambiental y social) y se establece como un marco de actuaci\u00f3n que asegura las condiciones de sostenibilidad a nivel pa\u00eds. Estos 10 principios respaldan nuestra apuesta de diferenciaci\u00f3n de origen, como atributos del Aceite de Palma Sostenible de Colombia y estando asociados a un conjunto de mejores pr\u00e1cticas, adoptadas e impulsadas por todos los actores involucrados en la producci\u00f3n de aceite de palma en el pa\u00eds.<\/p>\n\n\n\n<p><a rel=\"noreferrer noopener\" href=\"https:\/\/devpaxzu.com\/sitios\/apscolombia\/wp-content\/uploads\/2022\/09\/Brochure-10-Principios-APSCO-Espanol.pdf\" target=\"_blank\">Consulte aqu\u00ed el brochure<\/a><br><a href=\"https:\/\/www.youtube.com\/watch?v=GcVnuEE5rC4&amp;ab_channel=Fedepalma\" data-type=\"URL\" data-id=\"https:\/\/www.youtube.com\/watch?v=GcVnuEE5rC4&amp;ab_channel=Fedepalma\" target=\"_blank\" rel=\"noreferrer noopener\">Consulte aqu\u00ed el video<\/a><\/p>\n\n\n<div class=\"wp-block-image text-center d-none d-md-block\">\n<figure class=\"aligncenter size-large\"><img loading=\"lazy\" decoding=\"async\" width=\"1024\" height=\"700\" src=\"https:\/\/devpaxzu.com\/sitios\/apscolombia\/wp-content\/uploads\/2023\/03\/Principios_desktop-1024x700.png\" alt=\"\" class=\"wp-image-523\" srcset=\"https:\/\/devpaxzu.com\/sitios\/apscolombia\/wp-content\/uploads\/2023\/03\/Principios_desktop-1024x700.png 1024w, https:\/\/devpaxzu.com\/sitios\/apscolombia\/wp-content\/uploads\/2023\/03\/Principios_desktop-300x205.png 300w, https:\/\/devpaxzu.com\/sitios\/apscolombia\/wp-content\/uploads\/2023\/03\/Principios_desktop-768x525.png 768w, https:\/\/devpaxzu.com\/sitios\/apscolombia\/wp-content\/uploads\/2023\/03\/Principios_desktop-1536x1050.png 1536w, https:\/\/devpaxzu.com\/sitios\/apscolombia\/wp-content\/uploads\/2023\/03\/Principios_desktop.png 1600w\" sizes=\"auto, (max-width: 1024px) 100vw, 1024px\" \/><\/figure>\n<\/div>\n\n<div class=\"wp-block-image text-center d-block d-md-none\">\n<figure class=\"aligncenter size-large\"><img loading=\"lazy\" decoding=\"async\" width=\"271\" height=\"1024\" src=\"https:\/\/devpaxzu.com\/sitios\/apscolombia\/wp-content\/uploads\/2022\/09\/4_mobile-271x1024.png\" alt=\"\" class=\"wp-image-194\" srcset=\"https:\/\/devpaxzu.com\/sitios\/apscolombia\/wp-content\/uploads\/2022\/09\/4_mobile-271x1024.png 271w, https:\/\/devpaxzu.com\/sitios\/apscolombia\/wp-content\/uploads\/2022\/09\/4_mobile-79x300.png 79w, https:\/\/devpaxzu.com\/sitios\/apscolombia\/wp-content\/uploads\/2022\/09\/4_mobile-768x2903.png 768w, https:\/\/devpaxzu.com\/sitios\/apscolombia\/wp-content\/uploads\/2022\/09\/4_mobile-406x1536.png 406w, https:\/\/devpaxzu.com\/sitios\/apscolombia\/wp-content\/uploads\/2022\/09\/4_mobile-542x2048.png 542w, https:\/\/devpaxzu.com\/sitios\/apscolombia\/wp-content\/uploads\/2022\/09\/4_mobile.png 786w\" sizes=\"auto, (max-width: 271px) 100vw, 271px\" \/><\/figure>\n<\/div>\n\n\n<p>Conozca <a href=\"https:\/\/www.apscolombia.orgnuestra-estrategia\/protocolo-apscolombia\/\">Protocolo APSColombia<\/a><\/p>\n","protected":false},"excerpt":{"rendered":"<p>El dec\u00e1logo de Principios del Aceite de Palma Sostenible de Colombia se basa en los tres ejes de la sostenibilidad (econ\u00f3mica, ambiental y social) y se establece como un marco de actuaci\u00f3n que asegura las condiciones de sostenibilidad a nivel pa\u00eds. Estos 10 principios respaldan nuestra apuesta de diferenciaci\u00f3n de origen, como atributos del Aceite [&hellip;]<\/p>\n","protected":false},"author":1,"featured_media":0,"parent":92,"menu_order":0,"comment_status":"closed","ping_status":"closed","template":"page-templates\/page-contenido1.php","meta":{"footnotes":""},"class_list":["post-146","page","type-page","status-publish","hentry"],"_links":{"self":[{"href":"https:\/\/devpaxzu.com\/sitios\/apscolombia\/wp-json\/wp\/v2\/pages\/146","targetHints":{"allow":["GET"]}}],"collection":[{"href":"https:\/\/devpaxzu.com\/sitios\/apscolombia\/wp-json\/wp\/v2\/pages"}],"about":[{"href":"https:\/\/devpaxzu.com\/sitios\/apscolombia\/wp-json\/wp\/v2\/types\/page"}],"author":[{"embeddable":true,"href":"https:\/\/devpaxzu.com\/sitios\/apscolombia\/wp-json\/wp\/v2\/users\/1"}],"replies":[{"embeddable":true,"href":"https:\/\/devpaxzu.com\/sitios\/apscolombia\/wp-json\/wp\/v2\/comments?post=146"}],"version-history":[{"count":0,"href":"https:\/\/devpaxzu.com\/sitios\/apscolombia\/wp-json\/wp\/v2\/pages\/146\/revisions"}],"up":[{"embeddable":true,"href":"https:\/\/devpaxzu.com\/sitios\/apscolombia\/wp-json\/wp\/v2\/pages\/92"}],"wp:attachment":[{"href":"https:\/\/devpaxzu.com\/sitios\/apscolombia\/wp-json\/wp\/v2\/media?parent=146"}],"curies":[{"name":"wp","href":"https:\/\/api.w.org\/{rel}","templated":true}]}}