{"id":131,"date":"2022-09-28T13:13:13","date_gmt":"2022-09-28T13:13:13","guid":{"rendered":"https:\/\/www.apscolombia.org?page_id=131"},"modified":"2023-03-06T21:30:42","modified_gmt":"2023-03-06T21:30:42","slug":"uso-de-la-marca","status":"publish","type":"page","link":"https:\/\/devpaxzu.com\/sitios\/apscolombia\/unase-al-protocolo-apscolombia\/uso-de-la-marca\/","title":{"rendered":"Uso de la marca"},"content":{"rendered":"\n<div class=\"wp-block-columns is-layout-flex wp-container-core-columns-is-layout-9d6595d7 wp-block-columns-is-layout-flex\">\n<div class=\"wp-block-column is-vertically-aligned-center is-layout-flow wp-block-column-is-layout-flow\" style=\"flex-basis:33.33%\"><div class=\"wp-block-image text-center\">\n<figure class=\"aligncenter size-full\"><img loading=\"lazy\" decoding=\"async\" width=\"460\" height=\"302\" src=\"https:\/\/devpaxzu.com\/sitios\/apscolombia\/wp-content\/uploads\/2022\/09\/2_unase_2_marcas_1.jpg\" alt=\"\" class=\"wp-image-132\" srcset=\"https:\/\/devpaxzu.com\/sitios\/apscolombia\/wp-content\/uploads\/2022\/09\/2_unase_2_marcas_1.jpg 460w, https:\/\/devpaxzu.com\/sitios\/apscolombia\/wp-content\/uploads\/2022\/09\/2_unase_2_marcas_1-300x197.jpg 300w\" sizes=\"auto, (max-width: 460px) 100vw, 460px\" \/><\/figure>\n<\/div><\/div>\n\n\n\n<div class=\"wp-block-column is-layout-flow wp-block-column-is-layout-flow\" style=\"flex-basis:66.66%\">\n<p class=\"has-text-align-center\">Con la aplicaci\u00f3n exitosa del Protocolo APSColombia, la Corporaci\u00f3n APSColombia e ICONTEC otorgar\u00e1n el sello que asegura el cumplimiento de las normas NE001 y NEOO2, bajo las condiciones establecidas en el <a href=\"https:\/\/devpaxzu.com\/sitios\/apscolombia\/wp-content\/uploads\/2023\/03\/MANUAL-Sello-Aceite-Palma-Sostenible-ICONTEC_compressed.pdf\" data-type=\"URL\" data-id=\"https:\/\/devpaxzu.com\/sitios\/apscolombia\/wp-content\/uploads\/2023\/03\/MANUAL-Sello-Aceite-Palma-Sostenible-ICONTEC_compressed.pdf\" target=\"_blank\" rel=\"noreferrer noopener\">Manual de uso del Sello de Conformidad APSColombia<\/a><\/p>\n<\/div>\n<\/div>\n\n\n\n<div class=\"wp-block-columns are-vertically-aligned-center is-layout-flex wp-container-core-columns-is-layout-9d6595d7 wp-block-columns-is-layout-flex\">\n<div class=\"wp-block-column is-vertically-aligned-center is-layout-flow wp-block-column-is-layout-flow\" style=\"flex-basis:33.33%\"><div class=\"wp-block-image text-center\">\n<figure class=\"aligncenter size-full\"><img loading=\"lazy\" decoding=\"async\" width=\"243\" height=\"329\" src=\"https:\/\/devpaxzu.com\/sitios\/apscolombia\/wp-content\/uploads\/2022\/09\/2_unase_2_marcas_2.jpg\" alt=\"\" class=\"wp-image-133\" srcset=\"https:\/\/devpaxzu.com\/sitios\/apscolombia\/wp-content\/uploads\/2022\/09\/2_unase_2_marcas_2.jpg 243w, https:\/\/devpaxzu.com\/sitios\/apscolombia\/wp-content\/uploads\/2022\/09\/2_unase_2_marcas_2-222x300.jpg 222w\" sizes=\"auto, (max-width: 243px) 100vw, 243px\" \/><\/figure>\n<\/div><\/div>\n\n\n\n<div class=\"wp-block-column is-vertically-aligned-center is-layout-flow wp-block-column-is-layout-flow\" style=\"flex-basis:66.66%\">\n<p class=\"has-text-align-center\">La marca Aceite de Palma Sostenible de Colombia es una marca registrada de la Federaci\u00f3n Nacional de Cultivadores de Palma de Aceite, Fedepalma. Su uso, para fines corporativos e institucionales, se encuentra establecido en la <a href=\"#\">Gu\u00eda para el uso institucional marca APSCO.<\/a> Este uso tambi\u00e9n se encuentra asociado a la implementaci\u00f3n exitosa del Protocolo APSColombia.<\/p>\n<\/div>\n<\/div>\n","protected":false},"excerpt":{"rendered":"<p>Con la aplicaci\u00f3n exitosa del Protocolo APSColombia, la Corporaci\u00f3n APSColombia e ICONTEC otorgar\u00e1n el sello que asegura el cumplimiento de las normas NE001 y NEOO2, bajo las condiciones establecidas en el Manual de uso del Sello de Conformidad APSColombia La marca Aceite de Palma Sostenible de Colombia es una marca registrada de la Federaci\u00f3n Nacional [&hellip;]<\/p>\n","protected":false},"author":1,"featured_media":0,"parent":126,"menu_order":0,"comment_status":"closed","ping_status":"closed","template":"page-templates\/page-contenido1.php","meta":{"footnotes":""},"class_list":["post-131","page","type-page","status-publish","hentry"],"_links":{"self":[{"href":"https:\/\/devpaxzu.com\/sitios\/apscolombia\/wp-json\/wp\/v2\/pages\/131","targetHints":{"allow":["GET"]}}],"collection":[{"href":"https:\/\/devpaxzu.com\/sitios\/apscolombia\/wp-json\/wp\/v2\/pages"}],"about":[{"href":"https:\/\/devpaxzu.com\/sitios\/apscolombia\/wp-json\/wp\/v2\/types\/page"}],"author":[{"embeddable":true,"href":"https:\/\/devpaxzu.com\/sitios\/apscolombia\/wp-json\/wp\/v2\/users\/1"}],"replies":[{"embeddable":true,"href":"https:\/\/devpaxzu.com\/sitios\/apscolombia\/wp-json\/wp\/v2\/comments?post=131"}],"version-history":[{"count":0,"href":"https:\/\/devpaxzu.com\/sitios\/apscolombia\/wp-json\/wp\/v2\/pages\/131\/revisions"}],"up":[{"embeddable":true,"href":"https:\/\/devpaxzu.com\/sitios\/apscolombia\/wp-json\/wp\/v2\/pages\/126"}],"wp:attachment":[{"href":"https:\/\/devpaxzu.com\/sitios\/apscolombia\/wp-json\/wp\/v2\/media?parent=131"}],"curies":[{"name":"wp","href":"https:\/\/api.w.org\/{rel}","templated":true}]}}