{"id":128,"date":"2022-09-28T13:09:32","date_gmt":"2022-09-28T13:09:32","guid":{"rendered":"https:\/\/www.apscolombia.org?page_id=128"},"modified":"2023-04-19T19:47:19","modified_gmt":"2023-04-19T19:47:19","slug":"etapas","status":"publish","type":"page","link":"https:\/\/devpaxzu.com\/sitios\/apscolombia\/unase-al-protocolo-apscolombia\/etapas\/","title":{"rendered":"Etapas"},"content":{"rendered":"<div class=\"wp-block-image text-center d-none d-md-block\">\n<figure class=\"aligncenter size-large\"><img loading=\"lazy\" decoding=\"async\" width=\"1024\" height=\"407\" src=\"https:\/\/devpaxzu.com\/sitios\/apscolombia\/wp-content\/uploads\/2023\/03\/EsquemaEtapas_Desktop-1-1024x407.png\" alt=\"\" class=\"wp-image-579\" srcset=\"https:\/\/devpaxzu.com\/sitios\/apscolombia\/wp-content\/uploads\/2023\/03\/EsquemaEtapas_Desktop-1-1024x407.png 1024w, https:\/\/devpaxzu.com\/sitios\/apscolombia\/wp-content\/uploads\/2023\/03\/EsquemaEtapas_Desktop-1-300x119.png 300w, https:\/\/devpaxzu.com\/sitios\/apscolombia\/wp-content\/uploads\/2023\/03\/EsquemaEtapas_Desktop-1-768x305.png 768w, https:\/\/devpaxzu.com\/sitios\/apscolombia\/wp-content\/uploads\/2023\/03\/EsquemaEtapas_Desktop-1-1536x611.png 1536w, https:\/\/devpaxzu.com\/sitios\/apscolombia\/wp-content\/uploads\/2023\/03\/EsquemaEtapas_Desktop-1.png 1600w\" sizes=\"auto, (max-width: 1024px) 100vw, 1024px\" \/><\/figure>\n<\/div>\n\n\n<figure class=\"wp-block-image size-large text-center d-block d-md-none\"><img loading=\"lazy\" decoding=\"async\" width=\"400\" height=\"1024\" src=\"https:\/\/devpaxzu.com\/sitios\/apscolombia\/wp-content\/uploads\/2023\/03\/EsquemaEtapas_Mobile-1-400x1024.png\" alt=\"\" class=\"wp-image-580\" srcset=\"https:\/\/devpaxzu.com\/sitios\/apscolombia\/wp-content\/uploads\/2023\/03\/EsquemaEtapas_Mobile-1-400x1024.png 400w, https:\/\/devpaxzu.com\/sitios\/apscolombia\/wp-content\/uploads\/2023\/03\/EsquemaEtapas_Mobile-1-117x300.png 117w, https:\/\/devpaxzu.com\/sitios\/apscolombia\/wp-content\/uploads\/2023\/03\/EsquemaEtapas_Mobile-1.png 768w\" sizes=\"auto, (max-width: 400px) 100vw, 400px\" \/><\/figure>\n\n\n\n<p>Descargue aqu\u00ed la <a href=\"https:\/\/devpaxzu.com\/sitios\/apscolombia\/wp-content\/uploads\/2023\/03\/GUIA-DE-APLICACION-DEL-PROTOCOLO-APSCOLOMBIA.pdf\" data-type=\"URL\" data-id=\"https:\/\/devpaxzu.com\/sitios\/apscolombia\/wp-content\/uploads\/2023\/03\/GUIA-DE-APLICACION-DEL-PROTOCOLO-APSCOLOMBIA.pdf\" target=\"_blank\" rel=\"noreferrer noopener\">Gu\u00eda del Protocolo Aceite de Palma Sostenible de Colombia<\/a><\/p>\n\n\n\n<p>Conozca <a rel=\"noreferrer noopener\" href=\"https:\/\/www.apscolombia.orgnuestra-estrategia\/normas-sectoriales\/\" target=\"_blank\">Normas Sectoriales<\/a><\/p>\n\n\n\n<p>Conozca <a href=\"https:\/\/www.apscolombia.orgunase-al-protocolo-apscolombia\/\">\u00danase al Protocolo<\/a><\/p>\n","protected":false},"excerpt":{"rendered":"<p>Descargue aqu\u00ed la Gu\u00eda del Protocolo Aceite de Palma Sostenible de Colombia Conozca Normas Sectoriales Conozca \u00danase al Protocolo<\/p>\n","protected":false},"author":1,"featured_media":0,"parent":126,"menu_order":0,"comment_status":"closed","ping_status":"closed","template":"page-templates\/page-contenido1.php","meta":{"footnotes":""},"class_list":["post-128","page","type-page","status-publish","hentry"],"_links":{"self":[{"href":"https:\/\/devpaxzu.com\/sitios\/apscolombia\/wp-json\/wp\/v2\/pages\/128","targetHints":{"allow":["GET"]}}],"collection":[{"href":"https:\/\/devpaxzu.com\/sitios\/apscolombia\/wp-json\/wp\/v2\/pages"}],"about":[{"href":"https:\/\/devpaxzu.com\/sitios\/apscolombia\/wp-json\/wp\/v2\/types\/page"}],"author":[{"embeddable":true,"href":"https:\/\/devpaxzu.com\/sitios\/apscolombia\/wp-json\/wp\/v2\/users\/1"}],"replies":[{"embeddable":true,"href":"https:\/\/devpaxzu.com\/sitios\/apscolombia\/wp-json\/wp\/v2\/comments?post=128"}],"version-history":[{"count":0,"href":"https:\/\/devpaxzu.com\/sitios\/apscolombia\/wp-json\/wp\/v2\/pages\/128\/revisions"}],"up":[{"embeddable":true,"href":"https:\/\/devpaxzu.com\/sitios\/apscolombia\/wp-json\/wp\/v2\/pages\/126"}],"wp:attachment":[{"href":"https:\/\/devpaxzu.com\/sitios\/apscolombia\/wp-json\/wp\/v2\/media?parent=128"}],"curies":[{"name":"wp","href":"https:\/\/api.w.org\/{rel}","templated":true}]}}