{"id":126,"date":"2022-09-28T13:05:20","date_gmt":"2022-09-28T13:05:20","guid":{"rendered":"https:\/\/www.apscolombia.org?page_id=126"},"modified":"2023-04-27T21:23:52","modified_gmt":"2023-04-27T21:23:52","slug":"unase-al-protocolo-apscolombia","status":"publish","type":"page","link":"https:\/\/devpaxzu.com\/sitios\/apscolombia\/unase-al-protocolo-apscolombia\/","title":{"rendered":"\u00danase al Protocolo APSColombia"},"content":{"rendered":"\n<p>El Protocolo es un esquema accesible y gradual que integra de manera fluida los procesos de validaci\u00f3n de la aplicaci\u00f3n de las mejores pr\u00e1cticas de sostenibilidad.<\/p>\n\n\n<div class=\"wp-block-image text-center\">\n<figure class=\"aligncenter size-full\"><img loading=\"lazy\" decoding=\"async\" width=\"763\" height=\"345\" src=\"https:\/\/devpaxzu.com\/sitios\/apscolombia\/wp-content\/uploads\/2022\/09\/1_sobre_2_corporacion_1.jpg\" alt=\"\" class=\"wp-image-110\" srcset=\"https:\/\/devpaxzu.com\/sitios\/apscolombia\/wp-content\/uploads\/2022\/09\/1_sobre_2_corporacion_1.jpg 763w, https:\/\/devpaxzu.com\/sitios\/apscolombia\/wp-content\/uploads\/2022\/09\/1_sobre_2_corporacion_1-300x136.jpg 300w\" sizes=\"auto, (max-width: 763px) 100vw, 763px\" \/><\/figure>\n<\/div>\n\n\n<p>Acceda aqu\u00ed al formulario de vinculaci\u00f3n:<\/p>\n\n\n\n<p><a rel=\"noreferrer noopener\" href=\"https:\/\/urldefense.com\/v3\/__https:\/\/forms.office.com\/r\/ajRpm2QpRC__;!!N96JrnIq8IfO5w!l5Nqvp7Z9SEmDR0UAznqn19l7Ozb8_qsiz2jtygI7o5NB8crAHyFsAGETrTAJrqPPVE0vzABuqwXleqGbifNrcql_w$\" target=\"_blank\"><strong>https:\/\/forms.office.com\/r\/ajRpm2QpRC<\/strong><\/a><\/p>\n\n\n\n<p>Conozca <a href=\"https:\/\/www.apscolombia.orgunase-al-protocolo-apscolombia\/uso-de-la-marca\/\">Uso de la marca<\/a><\/p>\n","protected":false},"excerpt":{"rendered":"<p>El Protocolo es un esquema accesible y gradual que integra de manera fluida los procesos de validaci\u00f3n de la aplicaci\u00f3n de las mejores pr\u00e1cticas de sostenibilidad. Acceda aqu\u00ed al formulario de vinculaci\u00f3n: https:\/\/forms.office.com\/r\/ajRpm2QpRC Conozca Uso de la marca<\/p>\n","protected":false},"author":1,"featured_media":576,"parent":0,"menu_order":0,"comment_status":"closed","ping_status":"closed","template":"page-templates\/page-contenido1.php","meta":{"footnotes":""},"class_list":["post-126","page","type-page","status-publish","has-post-thumbnail","hentry"],"_links":{"self":[{"href":"https:\/\/devpaxzu.com\/sitios\/apscolombia\/wp-json\/wp\/v2\/pages\/126","targetHints":{"allow":["GET"]}}],"collection":[{"href":"https:\/\/devpaxzu.com\/sitios\/apscolombia\/wp-json\/wp\/v2\/pages"}],"about":[{"href":"https:\/\/devpaxzu.com\/sitios\/apscolombia\/wp-json\/wp\/v2\/types\/page"}],"author":[{"embeddable":true,"href":"https:\/\/devpaxzu.com\/sitios\/apscolombia\/wp-json\/wp\/v2\/users\/1"}],"replies":[{"embeddable":true,"href":"https:\/\/devpaxzu.com\/sitios\/apscolombia\/wp-json\/wp\/v2\/comments?post=126"}],"version-history":[{"count":0,"href":"https:\/\/devpaxzu.com\/sitios\/apscolombia\/wp-json\/wp\/v2\/pages\/126\/revisions"}],"wp:featuredmedia":[{"embeddable":true,"href":"https:\/\/devpaxzu.com\/sitios\/apscolombia\/wp-json\/wp\/v2\/media\/576"}],"wp:attachment":[{"href":"https:\/\/devpaxzu.com\/sitios\/apscolombia\/wp-json\/wp\/v2\/media?parent=126"}],"curies":[{"name":"wp","href":"https:\/\/api.w.org\/{rel}","templated":true}]}}