{"id":109,"date":"2022-09-28T12:44:23","date_gmt":"2022-09-28T12:44:23","guid":{"rendered":"https:\/\/www.apscolombia.org?page_id=109"},"modified":"2023-04-18T20:44:12","modified_gmt":"2023-04-18T20:44:12","slug":"corporacion-apscolombia","status":"publish","type":"page","link":"https:\/\/devpaxzu.com\/sitios\/apscolombia\/corporacion-apscolombia\/","title":{"rendered":"Corporaci\u00f3n APSColombia"},"content":{"rendered":"<div class=\"wp-block-image text-center\">\n<figure class=\"aligncenter size-full\"><img loading=\"lazy\" decoding=\"async\" width=\"763\" height=\"345\" src=\"https:\/\/devpaxzu.com\/sitios\/apscolombia\/wp-content\/uploads\/2022\/09\/1_sobre_2_corporacion_1.jpg\" alt=\"\" class=\"wp-image-110\" srcset=\"https:\/\/devpaxzu.com\/sitios\/apscolombia\/wp-content\/uploads\/2022\/09\/1_sobre_2_corporacion_1.jpg 763w, https:\/\/devpaxzu.com\/sitios\/apscolombia\/wp-content\/uploads\/2022\/09\/1_sobre_2_corporacion_1-300x136.jpg 300w\" sizes=\"auto, (max-width: 763px) 100vw, 763px\" \/><\/figure>\n<\/div>\n\n\n<p>La Corporaci\u00f3n Aceite de Palma Sostenible de Colombia \u2013APSColombia es una organizaci\u00f3n privada sin \u00e1nimo de lucro, creada en 2022 por un grupo de productores y organizaciones comprometidas con el fortalecimiento y posicionamiento de la sostenibilidad del aceite de palma colombiano.<\/p>\n\n\n\n<p>Su prop\u00f3sito es impulsar la sostenibilidad de la agroindustria de la palma de aceite colombiana y contribuir al logro de los Objetivos de Desarrollo Sostenible (ODS), creando valor econ\u00f3mico y reputacional, diferenciaci\u00f3n y posicionamiento, ejerciendo liderazgo a nivel nacional e internacional, a trav\u00e9s del establecimiento y operaci\u00f3n de acciones de autorregulaci\u00f3n sectorial enfocadas a la consolidaci\u00f3n del origen sostenible colombiano, en especial gestionando, promoviendo y monitoreando el cumplimiento de los principios del Aceite de Palma Sostenible de Colombia.<\/p>\n\n\n\n<p>Esto \u00faltimo a trav\u00e9s de la implementaci\u00f3n del <a href=\"https:\/\/devpaxzu.com\/sitios\/apscolombia\/wp-content\/uploads\/2023\/03\/GUIA-DE-APLICACION-DEL-PROTOCOLO-APSCOLOMBIA.pdf\" data-type=\"URL\" data-id=\"https:\/\/devpaxzu.com\/sitios\/apscolombia\/wp-content\/uploads\/2023\/03\/GUIA-DE-APLICACION-DEL-PROTOCOLO-APSCOLOMBIA.pdf\" target=\"_blank\" rel=\"noreferrer noopener\">Protocolo de Aceite de Palma Sostenible de Colombia.<\/a><\/p>\n\n\n\n<p>Conozca <a href=\"https:\/\/www.apscolombia.orgcorporacion-apscolombia\/quienes-somos\/\">\u00bfQui\u00e9nes S\u00f3mos?<\/a><\/p>\n","protected":false},"excerpt":{"rendered":"<p>La Corporaci\u00f3n Aceite de Palma Sostenible de Colombia \u2013APSColombia es una organizaci\u00f3n privada sin \u00e1nimo de lucro, creada en 2022 por un grupo de productores y organizaciones comprometidas con el fortalecimiento y posicionamiento de la sostenibilidad del aceite de palma colombiano. Su prop\u00f3sito es impulsar la sostenibilidad de la agroindustria de la palma de aceite [&hellip;]<\/p>\n","protected":false},"author":1,"featured_media":0,"parent":0,"menu_order":0,"comment_status":"closed","ping_status":"closed","template":"page-templates\/page-contenido1.php","meta":{"footnotes":""},"class_list":["post-109","page","type-page","status-publish","hentry"],"_links":{"self":[{"href":"https:\/\/devpaxzu.com\/sitios\/apscolombia\/wp-json\/wp\/v2\/pages\/109","targetHints":{"allow":["GET"]}}],"collection":[{"href":"https:\/\/devpaxzu.com\/sitios\/apscolombia\/wp-json\/wp\/v2\/pages"}],"about":[{"href":"https:\/\/devpaxzu.com\/sitios\/apscolombia\/wp-json\/wp\/v2\/types\/page"}],"author":[{"embeddable":true,"href":"https:\/\/devpaxzu.com\/sitios\/apscolombia\/wp-json\/wp\/v2\/users\/1"}],"replies":[{"embeddable":true,"href":"https:\/\/devpaxzu.com\/sitios\/apscolombia\/wp-json\/wp\/v2\/comments?post=109"}],"version-history":[{"count":0,"href":"https:\/\/devpaxzu.com\/sitios\/apscolombia\/wp-json\/wp\/v2\/pages\/109\/revisions"}],"wp:attachment":[{"href":"https:\/\/devpaxzu.com\/sitios\/apscolombia\/wp-json\/wp\/v2\/media?parent=109"}],"curies":[{"name":"wp","href":"https:\/\/api.w.org\/{rel}","templated":true}]}}